{"id":277,"date":"2024-12-13T13:31:51","date_gmt":"2024-12-13T13:31:51","guid":{"rendered":"https:\/\/www.hoteledenbolsena.it\/kontakte\/"},"modified":"2026-02-09T14:50:58","modified_gmt":"2026-02-09T14:50:58","slug":"kontakte","status":"publish","type":"page","link":"https:\/\/www.hoteledenbolsena.it\/de\/kontakte\/","title":{"rendered":"Kontakte"},"content":{"rendered":"<div role=\"form\" class=\"wpcf7\" id=\"wpcf7-f286-p286-o1\" lang=\"de-DE\" dir=\"ltr\"><div><div class=\"wpcf7-form\"><div class=\"fit-the-fullspace\"><div><div class=\"screen-reader-response\"><p role=\"status\" aria-live=\"polite\" aria-atomic=\"true\"><\/p> <ul><\/ul><\/div><form action=\"\/de\/wp-json\/wp\/v2\/pages\/277#wpcf7-f286-p286-o1\" method=\"post\" class=\"wpcf7-form init\" enctype=\"\" autocomplete=\"autocomplete\" novalidate=\"novalidate\" data-status=\"init\" locale=\"de_DE\"><div style=\"display: block;\"><input type=\"hidden\" name=\"_wpcf7\" value=\"286\" \/>\n<input type=\"hidden\" name=\"_wpcf7_version\" value=\"6.0.2\" \/>\n<input type=\"hidden\" name=\"_wpcf7_locale\" value=\"de_DE\" \/>\n<input type=\"hidden\" name=\"_wpcf7_unit_tag\" value=\"wpcf7-f286-p286-o1\" \/>\n<input type=\"hidden\" name=\"_wpcf7_posted_data_hash\" value=\"\" \/>\n<input type=\"hidden\" name=\"_wpcf7_fit-the-fullspace\" value=\"\" \/>\n<\/div><p><label> Dein Name<br \/>\n<span class=\"wpcf7-form-control-wrap\" data-name=\"your-name\"><input size=\"40\" maxlength=\"400\" class=\"wpcf7-form-control wpcf7-text wpcf7-validates-as-required\" autocomplete=\"name\" aria-required=\"true\" aria-invalid=\"false\" value=\"\" type=\"text\" name=\"your-name\" \/><\/span> <\/label>\n<\/p>\n<p><label> Deine E-Mail-Adresse<br \/>\n<span class=\"wpcf7-form-control-wrap\" data-name=\"your-email\"><input size=\"40\" maxlength=\"400\" class=\"wpcf7-form-control wpcf7-email wpcf7-validates-as-required wpcf7-text wpcf7-validates-as-email\" autocomplete=\"email\" aria-required=\"true\" aria-invalid=\"false\" value=\"\" type=\"email\" name=\"your-email\" \/><\/span> <\/label>\n<\/p>\n<p><label> Betreff<br \/>\n<span class=\"wpcf7-form-control-wrap\" data-name=\"your-subject\"><input size=\"40\" maxlength=\"400\" class=\"wpcf7-form-control wpcf7-text wpcf7-validates-as-required\" aria-required=\"true\" aria-invalid=\"false\" value=\"\" type=\"text\" name=\"your-subject\" \/><\/span> <\/label>\n<\/p>\n<p><label> Deine Nachricht (optional)<br \/>\n<span class=\"wpcf7-form-control-wrap\" data-name=\"your-message\"><textarea cols=\"40\" rows=\"10\" maxlength=\"2000\" class=\"wpcf7-form-control wpcf7-textarea\" aria-invalid=\"false\" name=\"your-message\"><\/textarea><\/span> <\/label>\n<\/p>\n<p><input class=\"wpcf7-form-control wpcf7-submit has-spinner\" type=\"submit\" value=\"Senden\" \/>\n<\/p><div class=\"wpcf7-response-output\" aria-hidden=\"true\"><\/div><\/form><\/div><\/div><\/div><\/div><\/div>\n\n  <div class=\"banner has-hover\" id=\"banner-989470413\">\n          <div class=\"banner-inner fill\">\n        <div class=\"banner-bg fill\" >\n            <img loading=\"lazy\" decoding=\"async\" width=\"2016\" height=\"1098\" src=\"https:\/\/www.hoteledenbolsena.it\/wp-content\/uploads\/2024\/12\/la_terrazza.webp\" class=\"bg attachment-original size-original\" alt=\"\" \/>                                    \n                    <\/div>\n\t\t\n        <div class=\"banner-layers container\">\n            <div class=\"fill banner-link\"><\/div>            \n\n   <div id=\"text-box-1991752202\" class=\"text-box banner-layer x50 md-x50 lg-x50 y50 md-y50 lg-y50 res-text\">\n                                <div class=\"text-box-content text dark\">\n              \n              <div class=\"text-inner text-center\">\n                  \n\n\n              <\/div>\n           <\/div>\n                            \n<style>\n#text-box-1991752202 {\n  width: 60%;\n}\n#text-box-1991752202 .text-box-content {\n  font-size: 100%;\n}\n@media (min-width:550px) {\n  #text-box-1991752202 {\n    width: 60%;\n  }\n}\n<\/style>\n    <\/div>\n \n\n        <\/div>\n      <\/div>\n\n            \n<style>\n#banner-989470413 {\n  padding-top: 500px;\n}\n#banner-989470413 .banner-bg img {\n  object-position: 19% 42%;\n}\n<\/style>\n  <\/div>\n\n\n\n\t<section class=\"section\" id=\"section_1550991981\">\n\t\t<div class=\"section-bg fill\" >\n\t\t\t\t\t\t\t\t\t<div class=\"section-bg-overlay absolute fill\"><\/div>\n\t\t\t\n\n\t\t<\/div>\n\n\t\t\n\n\t\t<div class=\"section-content relative\">\n\t\t\t\r\n\r\n<div class=\"row\"  id=\"row-1643013103\">\r\n\r\n\n\t<div id=\"col-2106517832\" class=\"col small-12 large-12\"  >\n\t\t\t\t<div class=\"col-inner\"  >\n\t\t\t\n\t\t\t\r\n\r\n\t<div id=\"text-512742441\" class=\"text\">\n\t\t\r\n\r\n<h3 class=\"uppercase\"><strong>JETZT BUCHEN<\/strong><\/h3>\r\n\t\t\n<style>\n#text-512742441 {\n  color: rgb(0, 0, 0);\n}\n#text-512742441 > * {\n  color: rgb(0, 0, 0);\n}\n<\/style>\n\t<\/div>\n\t\r\n\r\n\t\t<\/div>\n\t\t\t\t\t<\/div>\n\n\t\r\n\n\t<div id=\"col-299168\" class=\"col small-12 large-12\"  >\n\t\t\t\t<div class=\"col-inner\"  >\n\t\t\t\n\t\t\t\r\n\r\n\r\n\r\n<script type=\"text\/javascript\" src=\"https:\/\/booking.holidayonline.org\/hotel-eden-bolsena.php?cmd=getscript&amp;target=booking-form&amp;referer=https:\/\/www.hoteledenbolsena.it\/&amp;estid=106410&amp;extrabeds=1&amp;show_child_age=1&amp;setpromo=0&amp;setcodag=0&amp;version=2&amp;lang=DE\"><\/script><div id=\"booking-form\"><\/div>\r\n\r\n\r\n\t\t<\/div>\n\t\t\t\t\t<\/div>\n\n\t\r\n\r\n<\/div>\r\n\r\n\t\t<\/div>\n\n\t\t\n<style>\n#section_1550991981 {\n  padding-top: 30px;\n  padding-bottom: 30px;\n  background-color: #ac9970;\n}\n#section_1550991981 .section-bg-overlay {\n  background-color: rgba(255, 255, 255, 0.5);\n}\n<\/style>\n\t<\/section>\n\t\n\n\n\t<section class=\"section\" id=\"section_1653265382\">\n\t\t<div class=\"section-bg fill\" >\n\t\t\t\t\t\t\t\t\t\n\t\t\t\n\n\t\t<\/div>\n\n\t\t\n\n\t\t<div class=\"section-content relative\">\n\t\t\t\n\n<div class=\"row\"  id=\"row-1600038961\">\n\n\n\t<div id=\"col-1022904457\" class=\"col small-12 large-12\"  >\n\t\t\t\t<div class=\"col-inner\"  >\n\t\t\t\n\t\t\t\n\n<h1>Kontakte<\/h1>\n<h3><em>Kontaktieren Sie uns. Wir freuen uns darauf, all Ihre W\u00fcnsche zu erf\u00fcllen.<\/em><\/h3>\n<p>Wir stehen Ihnen jederzeit zur Verf\u00fcgung, um Ihnen alle Details zu bieten \u2013 vom Buchungsprozess bis zu speziellen Anfragen. Wir freuen uns, Ihnen unsere Tipps zur besten Reisezeit, zu den sch\u00f6nsten Ausflugszielen in der Umgebung und zu den authentischsten Geheimnissen der Einheimischen zu verraten.<\/p>\n<p>Z\u00f6gern Sie nicht, uns zu schreiben: Wir freuen uns, Sie zu kontaktieren und Ihnen jede Unterst\u00fctzung zu bieten, um Ihren Aufenthalt unvergesslich zu machen.<\/p>\n\n\t\t<\/div>\n\t\t\t\t\t<\/div>\n\n\t\n\n<\/div>\n\n\t\t<\/div>\n\n\t\t\n<style>\n#section_1653265382 {\n  padding-top: 30px;\n  padding-bottom: 30px;\n}\n<\/style>\n\t<\/section>\n\t\n\n\t<section class=\"section\" id=\"section_281643667\">\n\t\t<div class=\"section-bg fill\" >\n\t\t\t\t\t\t\t\t\t\n\t\t\t\n\n\t\t<\/div>\n\n\t\t\n\n\t\t<div class=\"section-content relative\">\n\t\t\t\n\n<div class=\"row\"  id=\"row-1319303632\">\n\n\n\t<div id=\"col-740369967\" class=\"col medium-6 small-12 large-6\"  >\n\t\t\t\t<div class=\"col-inner\"  >\n\t\t\t\n\t\t\t\n\n\n\n\n<div class=\"wpcf7 no-js\" id=\"wpcf7-f286-o1\" lang=\"de-DE\" dir=\"ltr\" data-wpcf7-id=\"286\">\n<div class=\"screen-reader-response\"><p role=\"status\" aria-live=\"polite\" aria-atomic=\"true\"><\/p> <ul><\/ul><\/div>\n<form action=\"\/de\/wp-json\/wp\/v2\/pages\/277#wpcf7-f286-o1\" method=\"post\" class=\"wpcf7-form init\" aria-label=\"Kontaktformular\" novalidate=\"novalidate\" data-status=\"init\">\n<div style=\"display: none;\">\n<input type=\"hidden\" name=\"_wpcf7\" value=\"286\" \/>\n<input type=\"hidden\" name=\"_wpcf7_version\" value=\"6.0.2\" \/>\n<input type=\"hidden\" name=\"_wpcf7_locale\" value=\"de_DE\" \/>\n<input type=\"hidden\" name=\"_wpcf7_unit_tag\" value=\"wpcf7-f286-o1\" \/>\n<input type=\"hidden\" name=\"_wpcf7_container_post\" value=\"0\" \/>\n<input type=\"hidden\" name=\"_wpcf7_posted_data_hash\" value=\"\" \/>\n<input type=\"hidden\" name=\"_cf7a__timestamp\" value=\"wcex6fPNJBlsK6qaj6Di1w==\" \/>\n<input type=\"hidden\" name=\"_cf7a_version\" value=\"1.0\" \/>\n<input type=\"hidden\" name=\"_cf7a_address\" value=\"\" \/>\n<input type=\"hidden\" name=\"_cf7a_referer\" value=\"\" \/>\n<input type=\"hidden\" name=\"_cf7a_protocol\" value=\"\" \/>\n<input type=\"hidden\" name=\"_cf7a_bot_fingerprint\" value=\"wcex6fPNJBlsK6qaj6Di1w==\" \/>\n<input type=\"hidden\" name=\"_cf7a_bot_fingerprint_extras\" value=\"\" \/>\n<\/div>\n<p><label> Ihr Vor- und Nachname *<br \/>\n<span class=\"wpcf7-form-control-wrap\" data-name=\"your-name\"><input size=\"40\" maxlength=\"400\" class=\"wpcf7-form-control wpcf7-text wpcf7-validates-as-required\" autocomplete=\"name\" aria-required=\"true\" aria-invalid=\"false\" value=\"\" type=\"text\" name=\"your-name\" \/><input type=\"text\" name=\"name\" value=\"\" autocomplete=\"fill\" class=\"fit-the-fullspace\" aria-hidden=\"true\" tabindex=\"-1\" \/><\/span> <\/label>\n<\/p>\n<p><label> Ihre E-Mail *<br \/>\n<span class=\"wpcf7-form-control-wrap\" data-name=\"your-email\"><input size=\"40\" maxlength=\"400\" class=\"wpcf7-form-control wpcf7-email wpcf7-validates-as-required wpcf7-text wpcf7-validates-as-email\" autocomplete=\"email\" aria-required=\"true\" aria-invalid=\"false\" value=\"\" type=\"email\" name=\"your-email\" \/><\/span> <\/label>\n<\/p>\n<p><label> Ihre Telefonnummer *<br \/>\n<span class=\"wpcf7-form-control-wrap\" data-name=\"telefono\"><input type=\"text\" name=\"address\" value=\"\" autocomplete=\"fill\" class=\"fit-the-fullspace\" aria-hidden=\"true\" tabindex=\"-1\" \/><input size=\"40\" maxlength=\"400\" class=\"wpcf7-form-control wpcf7-text wpcf7-validates-as-required\" aria-required=\"true\" aria-invalid=\"false\" value=\"\" type=\"text\" name=\"telefono\" \/><\/span> <\/label>\n<\/p>\n<p><label> Ihre Nachricht (optional)<br \/>\n<span class=\"wpcf7-form-control-wrap\" data-name=\"your-message\"><textarea cols=\"40\" rows=\"10\" maxlength=\"2000\" class=\"wpcf7-form-control wpcf7-textarea\" aria-invalid=\"false\" name=\"your-message\"><\/textarea><\/span> <\/label>\n<\/p>\n<p><label><span class=\"wpcf7-form-control-wrap\" data-name=\"acceptance-512\"><span class=\"wpcf7-form-control wpcf7-acceptance\"><span class=\"wpcf7-list-item\"><label><input type=\"checkbox\" name=\"acceptance-512\" value=\"1\" aria-invalid=\"false\" \/><span class=\"wpcf7-list-item-label\"><a target=\"_blank\" href=\"https:\/\/hoteledenbolsena.it\/privacy-policy\">Ich habe die Datenschutzerkl\u00e4rung gelesen und akzeptiere sie.<\/a><\/span><\/label><\/span><\/span><\/span><\/label>\n<\/p>\n<p><input class=\"wpcf7-form-control wpcf7-submit has-spinner\" type=\"submit\" value=\"Senden\" \/>\n<\/p><div class=\"wpcf7-response-output\" aria-hidden=\"true\"><\/div>\n<\/form>\n<\/div>\n\n\n\n\n\n\n\n\t\t<\/div>\n\t\t\t\t\n<style>\n#col-740369967 > .col-inner {\n  margin: 0px 0px -60px 0px;\n}\n<\/style>\n\t<\/div>\n\n\t\n\n\t<div id=\"col-97782318\" class=\"col medium-6 small-12 large-6\"  >\n\t\t\t\t<div class=\"col-inner\"  >\n\t\t\t\n\t\t\t\n\n\t<div class=\"img has-hover x md-x lg-x y md-y lg-y\" id=\"image_16458108\">\n\t\t\t\t\t\t\t\t<div class=\"img-inner image-cover dark\" style=\"padding-top:120%;\">\n\t\t\t<img loading=\"lazy\" decoding=\"async\" width=\"2048\" height=\"1275\" src=\"https:\/\/www.hoteledenbolsena.it\/wp-content\/uploads\/2024\/12\/foto-panoramica-Hotel-Eden-a-Bolsena.webp\" class=\"attachment-original size-original\" alt=\"\" srcset=\"https:\/\/www.hoteledenbolsena.it\/wp-content\/uploads\/2024\/12\/foto-panoramica-Hotel-Eden-a-Bolsena.webp 2048w, https:\/\/www.hoteledenbolsena.it\/wp-content\/uploads\/2024\/12\/foto-panoramica-Hotel-Eden-a-Bolsena-300x187.webp 300w, https:\/\/www.hoteledenbolsena.it\/wp-content\/uploads\/2024\/12\/foto-panoramica-Hotel-Eden-a-Bolsena-1024x638.webp 1024w, https:\/\/www.hoteledenbolsena.it\/wp-content\/uploads\/2024\/12\/foto-panoramica-Hotel-Eden-a-Bolsena-768x478.webp 768w, https:\/\/www.hoteledenbolsena.it\/wp-content\/uploads\/2024\/12\/foto-panoramica-Hotel-Eden-a-Bolsena-1536x956.webp 1536w\" sizes=\"auto, (max-width: 2048px) 100vw, 2048px\" \/>\t\t\t\t\t\t\n\t\t\t\t\t<\/div>\n\t\t\t\t\t\t\t\t\n<style>\n#image_16458108 {\n  width: 100%;\n}\n<\/style>\n\t<\/div>\n\t\n\n\n\t\t<\/div>\n\t\t\t\t\n<style>\n#col-97782318 > .col-inner {\n  margin: 0px 0px -60px 0px;\n}\n<\/style>\n\t<\/div>\n\n\t\n\n<\/div>\n\n\t\t<\/div>\n\n\t\t\n<style>\n#section_281643667 {\n  padding-top: 30px;\n  padding-bottom: 30px;\n  background-color: rgb(244, 240, 237);\n}\n<\/style>\n\t<\/section>\n\t\n\n\t<section class=\"section\" id=\"section_231193945\">\n\t\t<div class=\"section-bg fill\" >\n\t\t\t\t\t\t\t\t\t\n\t\t\t\n\n\t\t<\/div>\n\n\t\t\n\n\t\t<div class=\"section-content relative\">\n\t\t\t\n\n<div class=\"row\"  id=\"row-536783967\">\n\n\n\t<div id=\"col-1207091870\" class=\"col small-12 large-12\"  >\n\t\t\t\t<div class=\"col-inner\"  >\n\t\t\t\n\t\t\t\n\n<p>Das Hotel Eden befindet sich in Bolsena, an der Via Cassia bei Km 114,200, in einer leicht erreichbaren Lage, umgeben von der Sch\u00f6nheit des Bolsenasees.<\/p>\n<h2>Anreise:<\/h2>\n<h3>Mit dem Auto<\/h3>\n<ul>\n<li><strong>Von Norden<\/strong>: Fahren Sie auf der Autobahn A1 (Autostrada del Sole) bis zur Ausfahrt Orvieto, dann folgen Sie der Stra\u00dfe Umbro-Casentinese bis nach Bolsena.<\/li>\n<li><strong>Von Rom<\/strong>: Nehmen Sie die Ausfahrt am Mautstelle Orte, fahren Sie auf der Schnellstra\u00dfe nach Viterbo und setzen Sie Ihre Fahrt in Richtung Bolsena fort. Alternativ k\u00f6nnen Sie die panoramische Via Cassia nehmen und eine Reise durch die eindrucksvollen Landschaften der Tuscia genie\u00dfen.<\/li>\n<\/ul>\n<h3>Mit dem Zug<\/h3>\n<ul>\n<li><strong>Von Orvieto<\/strong>: Steigen Sie am Bahnhof Orvieto aus und fahren Sie mit dem Bus von Orvieto nach Bolsena weiter.<\/li>\n<li><strong>Von Rom<\/strong>: Nehmen Sie den Zug der Roma-Nord-Linie, steigen Sie in Viterbo aus und fahren Sie mit dem Bus weiter nach Bolsena.<\/li>\n<\/ul>\n<h3>Mit dem Bus<\/h3>\n<ul>\n<li><strong>Von Rom<\/strong>: Direkte COTRAL-Busverbindung nach Bolsena.<\/li>\n<li><strong>Von Siena<\/strong>: SIRA-Busverbindung auf der Strecke Siena-Acquapendente-Bolsena-Viterbo.<\/li>\n<\/ul>\n<p>Egal welches Verkehrsmittel Sie w\u00e4hlen, die Anreise zu uns wird einfach und angenehm sein!<\/p>\n\n\t\t<\/div>\n\t\t\t\t\t<\/div>\n\n\t\n\n<\/div>\n<div class=\"row row-collapse row-full-width\"  id=\"row-1340477939\">\n\n\n\t<div id=\"col-1574501099\" class=\"col small-12 large-12\"  >\n\t\t\t\t<div class=\"col-inner\"  >\n\t\t\t\n\t\t\t\n\n\n\t<script type=\"text\/javascript\">\n  jQuery( document ).ready(function() {\n    function initialize() {\n        var styles = {\n            'flatsome':  [{\n            \"featureType\": \"administrative\",\n            \"stylers\": [\n              { \"visibility\": \"on\" }\n            ]\n          },\n          {\n            \"featureType\": \"road\",\n            \"stylers\": [\n              { \"visibility\": \"on\" },\n              { \"hue\": \"\" }\n            ]\n          },\n          {\n            \"stylers\": [\n\t\t\t  { \"visibility\": \"on\" },\n\t\t\t  { \"hue\": \"\" },\n\t\t\t  { \"saturation\": -40 }\n            ]\n          }\n        ]};\n\n        var myLatlng = new google.maps.LatLng(42.6480803, 11.9730075);\n        var myOptions = {\n            zoom: 17,\n            center: myLatlng,\n            mapTypeId: google.maps.MapTypeId.ROADMAP,\n            disableDefaultUI: true,\n            mapTypeId: 'flatsome',\n            draggable: true,\n            zoomControl: true,\n            zoomControlOptions: {\n              position: google.maps.ControlPosition.TOP_LEFT\n            },\n      \t\t\tmapTypeControl: true,\n            mapTypeControlOptions: {\n              position: google.maps.ControlPosition.TOP_LEFT\n            },\n      \t\t\tstreetViewControl: true,\n            streetViewControlOptions: {\n              position: google.maps.ControlPosition.TOP_LEFT\n            },\n            scrollwheel: false,\n            disableDoubleClickZoom: true\n        }\n        var map = new google.maps.Map(document.getElementById(\"map-3205320034-inner\"), myOptions);\n        var styledMapType = new google.maps.StyledMapType(styles['flatsome'], {name: 'flatsome'});\n        map.mapTypes.set('flatsome', styledMapType);\n\n        var marker = new google.maps.Marker({\n            position: myLatlng,\n            map: map,\n            title:\"\"\n        });\n    }\n\n    \/\/ Required to proceed\n    if (!(typeof google === 'object' && typeof google.maps === 'object')) {\n      return\n    }\n\n    initialize()\n    google.maps.event.addDomListener(window, 'resize', initialize);\n    });\n    <\/script>\n\n    <div class=\"google-map relative mb\" id=\"map-3205320034\">\n        <div class=\"map-height\" id=\"map-3205320034-inner\"><\/div>\n        <div id=\"map_overlay_top\"><\/div>\n        <div id=\"map_overlay_bottom\"><\/div>\n                  <div class=\"map_inner map-inner last-reset absolute x100 md-x95 lg-x95 y100 md-y95 lg-y95\">\n              \n\n<p>Hotel Eden <br \/>Via Cassia, Km. 114.200 &#8211; 01023 Bolsena &#8211; VT &#8211; Italia<\/p>\n\n         <\/div>\n       \n       \n<style>\n#map-3205320034 .map-inner {\n  background-color: #fff;\n  max-width: 100%;\n}\n#map-3205320034 .map-height {\n  height: 500px;\n}\n@media (min-width:550px) {\n  #map-3205320034 .map-inner {\n    max-width: 40%;\n  }\n}\n@media (min-width:850px) {\n  #map-3205320034 .map-inner {\n    max-width: 30%;\n  }\n}\n<\/style>\n    <\/div>\n\n\t\n\n\t\t<\/div>\n\t\t\t\t\t<\/div>\n\n\t\n\n<\/div>\n\n\t\t<\/div>\n\n\t\t\n<style>\n#section_231193945 {\n  padding-top: 30px;\n  padding-bottom: 30px;\n}\n<\/style>\n\t<\/section>\n\t\n\n","protected":false},"excerpt":{"rendered":"<p>Dein Name Deine E-Mail-Adresse Betreff Deine Nachricht (optional)<\/p>\n","protected":false},"author":1,"featured_media":0,"parent":0,"menu_order":0,"comment_status":"closed","ping_status":"closed","template":"","meta":{"footnotes":""},"class_list":["post-277","page","type-page","status-publish","hentry"],"yoast_head":"<!-- This site is optimized with the Yoast SEO plugin v24.1 - https:\/\/yoast.com\/wordpress\/plugins\/seo\/ -->\n<title>Kontakte - Hotel Eden Bolsena<\/title>\n<meta name=\"robots\" content=\"index, follow, max-snippet:-1, max-image-preview:large, max-video-preview:-1\" \/>\n<link rel=\"canonical\" href=\"https:\/\/www.hoteledenbolsena.it\/de\/kontakte\/\" \/>\n<meta property=\"og:locale\" content=\"de_DE\" \/>\n<meta property=\"og:type\" content=\"article\" \/>\n<meta property=\"og:title\" content=\"Kontakte - Hotel Eden Bolsena\" \/>\n<meta property=\"og:description\" content=\"Dein Name Deine E-Mail-Adresse Betreff Deine Nachricht (optional)\" \/>\n<meta property=\"og:url\" content=\"https:\/\/www.hoteledenbolsena.it\/de\/kontakte\/\" \/>\n<meta property=\"og:site_name\" content=\"Hotel Eden Bolsena\" \/>\n<meta property=\"article:publisher\" content=\"https:\/\/www.facebook.com\/hoteledenbolsena\" \/>\n<meta property=\"article:modified_time\" content=\"2026-02-09T14:50:58+00:00\" \/>\n<meta name=\"twitter:card\" content=\"summary_large_image\" \/>\n<meta name=\"twitter:label1\" content=\"Gesch\u00e4tzte Lesezeit\" \/>\n\t<meta name=\"twitter:data1\" content=\"2\u00a0Minuten\" \/>\n<script type=\"application\/ld+json\" class=\"yoast-schema-graph\">{\"@context\":\"https:\/\/schema.org\",\"@graph\":[{\"@type\":\"WebPage\",\"@id\":\"https:\/\/www.hoteledenbolsena.it\/de\/kontakte\/\",\"url\":\"https:\/\/www.hoteledenbolsena.it\/de\/kontakte\/\",\"name\":\"Kontakte - Hotel Eden Bolsena\",\"isPartOf\":{\"@id\":\"https:\/\/www.hoteledenbolsena.it\/de\/#website\"},\"datePublished\":\"2024-12-13T13:31:51+00:00\",\"dateModified\":\"2026-02-09T14:50:58+00:00\",\"breadcrumb\":{\"@id\":\"https:\/\/www.hoteledenbolsena.it\/de\/kontakte\/#breadcrumb\"},\"inLanguage\":\"de\",\"potentialAction\":[{\"@type\":\"ReadAction\",\"target\":[\"https:\/\/www.hoteledenbolsena.it\/de\/kontakte\/\"]}]},{\"@type\":\"BreadcrumbList\",\"@id\":\"https:\/\/www.hoteledenbolsena.it\/de\/kontakte\/#breadcrumb\",\"itemListElement\":[{\"@type\":\"ListItem\",\"position\":1,\"name\":\"Home\",\"item\":\"https:\/\/www.hoteledenbolsena.it\/de\/\"},{\"@type\":\"ListItem\",\"position\":2,\"name\":\"Kontakte\"}]},{\"@type\":\"WebSite\",\"@id\":\"https:\/\/www.hoteledenbolsena.it\/de\/#website\",\"url\":\"https:\/\/www.hoteledenbolsena.it\/de\/\",\"name\":\"Hotel Eden Bolsena\",\"description\":\"\",\"publisher\":{\"@id\":\"https:\/\/www.hoteledenbolsena.it\/de\/#organization\"},\"potentialAction\":[{\"@type\":\"SearchAction\",\"target\":{\"@type\":\"EntryPoint\",\"urlTemplate\":\"https:\/\/www.hoteledenbolsena.it\/de\/?s={search_term_string}\"},\"query-input\":{\"@type\":\"PropertyValueSpecification\",\"valueRequired\":true,\"valueName\":\"search_term_string\"}}],\"inLanguage\":\"de\"},{\"@type\":\"Organization\",\"@id\":\"https:\/\/www.hoteledenbolsena.it\/de\/#organization\",\"name\":\"Hotel Eden Bolsena\",\"url\":\"https:\/\/www.hoteledenbolsena.it\/de\/\",\"logo\":{\"@type\":\"ImageObject\",\"inLanguage\":\"de\",\"@id\":\"https:\/\/www.hoteledenbolsena.it\/de\/#\/schema\/logo\/image\/\",\"url\":\"https:\/\/www.hoteledenbolsena.it\/wp-content\/uploads\/2024\/12\/logo.png\",\"contentUrl\":\"https:\/\/www.hoteledenbolsena.it\/wp-content\/uploads\/2024\/12\/logo.png\",\"width\":262,\"height\":121,\"caption\":\"Hotel Eden Bolsena\"},\"image\":{\"@id\":\"https:\/\/www.hoteledenbolsena.it\/de\/#\/schema\/logo\/image\/\"},\"sameAs\":[\"https:\/\/www.facebook.com\/hoteledenbolsena\",\"https:\/\/www.instagram.com\/hotel_eden_bolsena\/\"]}]}<\/script>\n<!-- \/ Yoast SEO plugin. -->","yoast_head_json":{"title":"Kontakte - Hotel Eden Bolsena","robots":{"index":"index","follow":"follow","max-snippet":"max-snippet:-1","max-image-preview":"max-image-preview:large","max-video-preview":"max-video-preview:-1"},"canonical":"https:\/\/www.hoteledenbolsena.it\/de\/kontakte\/","og_locale":"de_DE","og_type":"article","og_title":"Kontakte - Hotel Eden Bolsena","og_description":"Dein Name Deine E-Mail-Adresse Betreff Deine Nachricht (optional)","og_url":"https:\/\/www.hoteledenbolsena.it\/de\/kontakte\/","og_site_name":"Hotel Eden Bolsena","article_publisher":"https:\/\/www.facebook.com\/hoteledenbolsena","article_modified_time":"2026-02-09T14:50:58+00:00","twitter_card":"summary_large_image","twitter_misc":{"Gesch\u00e4tzte Lesezeit":"2\u00a0Minuten"},"schema":{"@context":"https:\/\/schema.org","@graph":[{"@type":"WebPage","@id":"https:\/\/www.hoteledenbolsena.it\/de\/kontakte\/","url":"https:\/\/www.hoteledenbolsena.it\/de\/kontakte\/","name":"Kontakte - Hotel Eden Bolsena","isPartOf":{"@id":"https:\/\/www.hoteledenbolsena.it\/de\/#website"},"datePublished":"2024-12-13T13:31:51+00:00","dateModified":"2026-02-09T14:50:58+00:00","breadcrumb":{"@id":"https:\/\/www.hoteledenbolsena.it\/de\/kontakte\/#breadcrumb"},"inLanguage":"de","potentialAction":[{"@type":"ReadAction","target":["https:\/\/www.hoteledenbolsena.it\/de\/kontakte\/"]}]},{"@type":"BreadcrumbList","@id":"https:\/\/www.hoteledenbolsena.it\/de\/kontakte\/#breadcrumb","itemListElement":[{"@type":"ListItem","position":1,"name":"Home","item":"https:\/\/www.hoteledenbolsena.it\/de\/"},{"@type":"ListItem","position":2,"name":"Kontakte"}]},{"@type":"WebSite","@id":"https:\/\/www.hoteledenbolsena.it\/de\/#website","url":"https:\/\/www.hoteledenbolsena.it\/de\/","name":"Hotel Eden Bolsena","description":"","publisher":{"@id":"https:\/\/www.hoteledenbolsena.it\/de\/#organization"},"potentialAction":[{"@type":"SearchAction","target":{"@type":"EntryPoint","urlTemplate":"https:\/\/www.hoteledenbolsena.it\/de\/?s={search_term_string}"},"query-input":{"@type":"PropertyValueSpecification","valueRequired":true,"valueName":"search_term_string"}}],"inLanguage":"de"},{"@type":"Organization","@id":"https:\/\/www.hoteledenbolsena.it\/de\/#organization","name":"Hotel Eden Bolsena","url":"https:\/\/www.hoteledenbolsena.it\/de\/","logo":{"@type":"ImageObject","inLanguage":"de","@id":"https:\/\/www.hoteledenbolsena.it\/de\/#\/schema\/logo\/image\/","url":"https:\/\/www.hoteledenbolsena.it\/wp-content\/uploads\/2024\/12\/logo.png","contentUrl":"https:\/\/www.hoteledenbolsena.it\/wp-content\/uploads\/2024\/12\/logo.png","width":262,"height":121,"caption":"Hotel Eden Bolsena"},"image":{"@id":"https:\/\/www.hoteledenbolsena.it\/de\/#\/schema\/logo\/image\/"},"sameAs":["https:\/\/www.facebook.com\/hoteledenbolsena","https:\/\/www.instagram.com\/hotel_eden_bolsena\/"]}]}},"_links":{"self":[{"href":"https:\/\/www.hoteledenbolsena.it\/de\/wp-json\/wp\/v2\/pages\/277","targetHints":{"allow":["GET"]}}],"collection":[{"href":"https:\/\/www.hoteledenbolsena.it\/de\/wp-json\/wp\/v2\/pages"}],"about":[{"href":"https:\/\/www.hoteledenbolsena.it\/de\/wp-json\/wp\/v2\/types\/page"}],"author":[{"embeddable":true,"href":"https:\/\/www.hoteledenbolsena.it\/de\/wp-json\/wp\/v2\/users\/1"}],"replies":[{"embeddable":true,"href":"https:\/\/www.hoteledenbolsena.it\/de\/wp-json\/wp\/v2\/comments?post=277"}],"version-history":[{"count":6,"href":"https:\/\/www.hoteledenbolsena.it\/de\/wp-json\/wp\/v2\/pages\/277\/revisions"}],"predecessor-version":[{"id":503,"href":"https:\/\/www.hoteledenbolsena.it\/de\/wp-json\/wp\/v2\/pages\/277\/revisions\/503"}],"wp:attachment":[{"href":"https:\/\/www.hoteledenbolsena.it\/de\/wp-json\/wp\/v2\/media?parent=277"}],"curies":[{"name":"wp","href":"https:\/\/api.w.org\/{rel}","templated":true}]}}