{"id":256,"date":"2024-12-13T14:23:08","date_gmt":"2024-12-13T14:23:08","guid":{"rendered":"https:\/\/www.hoteledenbolsena.it\/?page_id=256"},"modified":"2024-12-17T11:59:09","modified_gmt":"2024-12-17T11:59:09","slug":"datenschutzerklaerung","status":"publish","type":"page","link":"https:\/\/www.hoteledenbolsena.it\/de\/datenschutzerklaerung\/","title":{"rendered":"Datenschutzerkl\u00e4rung"},"content":{"rendered":"<div role=\"form\" class=\"wpcf7\" id=\"wpcf7-f286-p286-o1\" lang=\"de-DE\" dir=\"ltr\"><div><div class=\"wpcf7-form\"><div class=\"fit-the-fullspace\"><div><div class=\"screen-reader-response\"><p role=\"status\" aria-live=\"polite\" aria-atomic=\"true\"><\/p> <ul><\/ul><\/div><form action=\"\/de\/wp-json\/wp\/v2\/pages\/256#wpcf7-f286-p286-o1\" method=\"post\" class=\"wpcf7-form init\" enctype=\"\" autocomplete=\"autocomplete\" novalidate=\"novalidate\" data-status=\"init\" locale=\"de_DE\"><div style=\"display: block;\"><input type=\"hidden\" name=\"_wpcf7\" value=\"286\" \/>\n<input type=\"hidden\" name=\"_wpcf7_version\" value=\"6.0.2\" \/>\n<input type=\"hidden\" name=\"_wpcf7_locale\" value=\"de_DE\" \/>\n<input type=\"hidden\" name=\"_wpcf7_unit_tag\" value=\"wpcf7-f286-p286-o1\" \/>\n<input type=\"hidden\" name=\"_wpcf7_posted_data_hash\" value=\"\" \/>\n<input type=\"hidden\" name=\"_wpcf7_fit-the-fullspace\" value=\"\" \/>\n<\/div><p><label> Dein Name<br \/>\n<span class=\"wpcf7-form-control-wrap\" data-name=\"your-name\"><input size=\"40\" maxlength=\"400\" class=\"wpcf7-form-control wpcf7-text wpcf7-validates-as-required\" autocomplete=\"name\" aria-required=\"true\" aria-invalid=\"false\" value=\"\" type=\"text\" name=\"your-name\" \/><\/span> <\/label>\n<\/p>\n<p><label> Deine E-Mail-Adresse<br \/>\n<span class=\"wpcf7-form-control-wrap\" data-name=\"your-email\"><input size=\"40\" maxlength=\"400\" class=\"wpcf7-form-control wpcf7-email wpcf7-validates-as-required wpcf7-text wpcf7-validates-as-email\" autocomplete=\"email\" aria-required=\"true\" aria-invalid=\"false\" value=\"\" type=\"email\" name=\"your-email\" \/><\/span> <\/label>\n<\/p>\n<p><label> Betreff<br \/>\n<span class=\"wpcf7-form-control-wrap\" data-name=\"your-subject\"><input size=\"40\" maxlength=\"400\" class=\"wpcf7-form-control wpcf7-text wpcf7-validates-as-required\" aria-required=\"true\" aria-invalid=\"false\" value=\"\" type=\"text\" name=\"your-subject\" \/><\/span> <\/label>\n<\/p>\n<p><label> Deine Nachricht (optional)<br \/>\n<span class=\"wpcf7-form-control-wrap\" data-name=\"your-message\"><textarea cols=\"40\" rows=\"10\" maxlength=\"2000\" class=\"wpcf7-form-control wpcf7-textarea\" aria-invalid=\"false\" name=\"your-message\"><\/textarea><\/span> <\/label>\n<\/p>\n<p><input class=\"wpcf7-form-control wpcf7-submit has-spinner\" type=\"submit\" value=\"Senden\" \/>\n<\/p><div class=\"wpcf7-response-output\" aria-hidden=\"true\"><\/div><\/form><\/div><\/div><\/div><\/div><\/div>\n\n\t<section class=\"section\" id=\"section_1099596278\">\n\t\t<div class=\"section-bg fill\" >\n\t\t\t\t\t\t\t\t\t\n\t\t\t\n\n\t\t<\/div>\n\n\t\t\n\n\t\t<div class=\"section-content relative\">\n\t\t\t\n\n<div class=\"row\"  id=\"row-1202283944\">\n\n\n\t<div id=\"col-1490511962\" class=\"col small-12 large-12\"  >\n\t\t\t\t<div class=\"col-inner\"  >\n\t\t\t\n\t\t\t\n\n<p>Hotel Eden di Dottarelli Luigi e C. S.A.S., mit Sitz in der Via Cassia 114.200, 46 \u2013 01023 Bolsena (VT), Steuernummer und USt.-Nr. 01200860565 (im Folgenden \u201eDatenverantwortlicher\u201c), informiert Sie gem\u00e4\u00df Art. 13 des Gesetzesdekrets 30.6.2003 Nr. 196 (im Folgenden \u201eDatenschutzkodex\u201c) und Art. 13 der EU-Verordnung Nr. 2016\/679 (im Folgenden \u201eDSGVO\u201c), dass Ihre Daten auf folgende Weise und zu folgenden Zwecken verarbeitet werden:<\/p>\n\n<p><strong>1. Gegenstand der Verarbeitung<\/strong><br>Der Datenverantwortliche verarbeitet personenbezogene, identifizierende und nicht sensible Daten (insbesondere Name, Nachname, Steuernummer, USt.-Nr., E-Mail-Adresse, Telefonnummer \u2013 im Folgenden \u201epersonenbezogene Daten\u201c oder auch \u201eDaten\u201c), die Sie bei der Registrierung auf der Website des Verantwortlichen und\/oder bei der Anmeldung zum Newsletter-Service oder beim Ausf\u00fcllen des Kontakt- oder Angebotsformulars angeben.<\/p>\n\n<p><strong>2. Zwecke der Verarbeitung<\/strong><br>Ihre personenbezogenen Daten werden verarbeitet:<br>A) Ohne Ihre ausdr\u00fcckliche Zustimmung (Art. 24 Buchstaben a, b, c des Datenschutzkodex und Art. 6 Buchstaben b, e DSGVO) f\u00fcr folgende Servicezwecke:<br>\u2013&nbsp;um Ihnen die Registrierung auf der Website zu erm\u00f6glichen;<br>\u2013&nbsp;um die Website zu verwalten und zu warten;<br>\u2013&nbsp;um Ihnen die Anmeldung zum Newsletter-Service des Verantwortlichen und weiteren von Ihnen angeforderten Services zu erm\u00f6glichen;<br>\u2013&nbsp;zur Erf\u00fcllung von vorvertraglichen, vertraglichen und steuerlichen Verpflichtungen aus bestehenden Beziehungen mit Ihnen;<br>\u2013&nbsp;zur Erf\u00fcllung gesetzlicher Verpflichtungen, Vorschriften, Gemeinschaftsrecht oder Anordnungen der Beh\u00f6rden;<br>\u2013&nbsp;zur Verhinderung oder Aufdeckung von betr\u00fcgerischen Aktivit\u00e4ten oder Missbrauch der Website;<br>\u2013&nbsp;zur Aus\u00fcbung der Rechte des Verantwortlichen, z.B. das Recht auf Verteidigung vor Gericht.<br>B) Nur mit Ihrer spezifischen und gesonderten Zustimmung (Art. 23 und 130 Datenschutzkodex und Art. 7 DSGVO) f\u00fcr folgende Marketingzwecke:<br>\u2013&nbsp;um Ihnen per E-Mail Newsletter, kommerzielle Mitteilungen und\/oder Werbematerial zu Produkten oder Dienstleistungen des Verantwortlichen zuzusenden.<br>Bitte beachten Sie, dass wir Ihnen, falls Sie bereits unser Kunde sind, kommerzielle Mitteilungen zu Dienstleistungen und Produkten des Verantwortlichen senden k\u00f6nnen, die denen \u00e4hneln, die Sie bereits genutzt haben, es sei denn, Sie widersprechen dem (Art. 130 Abs. 4 Datenschutzkodex).<\/p>\n\n<p><strong>3. Verarbeitungsmethoden<\/strong><br>Die Verarbeitung Ihrer personenbezogenen Daten erfolgt durch die in Art. 4 des Datenschutzkodex und Art. 4 Nr. 2 der DSGVO genannten Vorg\u00e4nge, n\u00e4mlich: Erhebung, Speicherung, Organisation, Archivierung, Konsultation, Verarbeitung, \u00c4nderung, Auswahl, Extraktion, Vergleich, Nutzung, Verkn\u00fcpfung, Sperrung, Mitteilung, L\u00f6schung und Vernichtung der Daten. Ihre personenbezogenen Daten werden sowohl in Papierform als auch elektronisch und\/oder automatisiert verarbeitet.<br>Der Datenverantwortliche verarbeitet die personenbezogenen Daten so lange, wie es zur Erf\u00fcllung der oben genannten Zwecke erforderlich ist, und in jedem Fall nicht l\u00e4nger als 10 Jahre nach Beendigung der Gesch\u00e4ftsbeziehung f\u00fcr Servicezwecke und nicht l\u00e4nger als 2 Jahre nach der Erhebung f\u00fcr Marketingzwecke.<\/p>\n\n<p><strong>4. Zugang zu den Daten<\/strong><br>Ihre Daten k\u00f6nnen zu den in Art. 2.A) und 2.B) genannten Zwecken zug\u00e4nglich gemacht werden:<br>\u2013&nbsp;Mitarbeitern und Mitarbeitern des Verantwortlichen in ihrer Eigenschaft als Beauftragte und\/oder interne Datenverarbeiter und\/oder Systemadministratoren;<br>\u2013&nbsp;Dritten (z.B. Dienstleistern f\u00fcr die Verwaltung und Wartung der Website, Lieferanten, Kreditinstituten, Fachb\u00fcros usw.), die im Auftrag des Verantwortlichen Outsourcing-Aktivit\u00e4ten ausf\u00fchren, in ihrer Eigenschaft als externe Datenverarbeiter.<\/p>\n\n<p><strong>5. Datenweitergabe<\/strong><br>Ohne Ihre ausdr\u00fcckliche Zustimmung (gem\u00e4\u00df Art. 24 Buchstaben a), b), d) des Datenschutzkodex und Art. 6 Buchstaben b) und c) der DSGVO) kann der Verantwortliche Ihre Daten zu den in Art. 2.A) genannten Zwecken an Aufsichtsorgane, Justizbeh\u00f6rden und alle anderen gesetzlich vorgeschriebenen Empf\u00e4nger weitergeben. Ihre Daten werden nicht verbreitet.<\/p>\n\n<p><strong>6. Daten\u00fcbertragung<\/strong><br>Die Verwaltung und Speicherung personenbezogener Daten erfolgt auf Servern innerhalb der Europ\u00e4ischen Union, die dem Verantwortlichen und\/oder von ihm beauftragten und ordnungsgem\u00e4\u00df benannten Drittunternehmen geh\u00f6ren. Derzeit befinden sich die Server in Europa. Daten werden nicht au\u00dferhalb der Europ\u00e4ischen Union \u00fcbertragen. Sollten die Server jedoch in Zukunft in L\u00e4nder au\u00dferhalb der EU verlegt werden, stellt der Verantwortliche sicher, dass die \u00dcbertragung der Daten in \u00dcbereinstimmung mit den geltenden gesetzlichen Bestimmungen erfolgt und gegebenenfalls Vereinbarungen abgeschlossen werden, die ein angemessenes Schutzniveau gew\u00e4hrleisten, und\/oder Standardvertragsklauseln der Europ\u00e4ischen Kommission angewendet werden.<\/p>\n\n<p><strong>7. Art der Datenbereitstellung und Folgen der Verweigerung<\/strong><br>Die Bereitstellung der Daten f\u00fcr die in Art. 2.A) genannten Zwecke ist verpflichtend. Ohne sie k\u00f6nnen wir weder die Registrierung auf der Website noch die in Art. 2.A) genannten Services garantieren.<br>Die Bereitstellung der Daten f\u00fcr die in Art. 2.B) genannten Zwecke ist hingegen optional. Sie k\u00f6nnen sich daher entscheiden, keine Daten bereitzustellen oder der Verarbeitung bereits bereitgestellter Daten zu widersprechen. In diesem Fall k\u00f6nnen Sie keine Newsletter, kommerziellen Mitteilungen oder Werbematerialien zu den Services des Verantwortlichen erhalten. Sie haben jedoch weiterhin Anspruch auf die in Art. 2.A) genannten Services.<\/p>\n\n<p><strong>8. Rechte der betroffenen Person<\/strong><br>Als betroffene Person haben Sie gem\u00e4\u00df Art. 7 des Datenschutzkodex und Art. 15 der DSGVO das Recht:<br>i.&nbsp;die Best\u00e4tigung zu erhalten, ob personenbezogene Daten, die Sie betreffen, vorhanden sind oder nicht, auch wenn sie noch nicht gespeichert sind, sowie deren Mitteilung in verst\u00e4ndlicher Form;<br>ii.&nbsp;die folgenden Informationen zu erhalten: a) die Herkunft der personenbezogenen Daten; b) die Zwecke und Methoden der Verarbeitung; c) die Logik, die bei einer Verarbeitung mit elektronischen Mitteln angewandt wird; d) die Identifikationsdetails des Verantwortlichen, der Auftragsverarbeiter und des benannten Vertreters gem\u00e4\u00df Art. 5 Abs. 2 des Datenschutzkodex und Art. 3 Abs. 1 der DSGVO; e) die Empf\u00e4nger oder Kategorien von Empf\u00e4ngern, an die die personenbezogenen Daten weitergegeben werden k\u00f6nnen oder die davon in ihrer Eigenschaft als benannte Vertreter, Auftragsverarbeiter oder Beauftragte Kenntnis erlangen k\u00f6nnen.<br>iii.&nbsp;zu erwirken: a) die Aktualisierung, Berichtigung oder, sofern interessiert, Erg\u00e4nzung der Daten; b) die L\u00f6schung, Anonymisierung oder Sperrung der gesetzeswidrig verarbeiteten Daten; c) die Best\u00e4tigung, dass die in den Buchstaben a) und b) genannten Vorg\u00e4nge den Empf\u00e4ngern der Daten mitgeteilt wurden.<\/p>\n\n\t\t<\/div>\n\t\t\t\t\t<\/div>\n\n\t\n\n<\/div>\n\n\t\t<\/div>\n\n\t\t\n<style>\n#section_1099596278 {\n  padding-top: 30px;\n  padding-bottom: 30px;\n}\n<\/style>\n\t<\/section>\n\t\n","protected":false},"excerpt":{"rendered":"<p>Dein Name Deine E-Mail-Adresse Betreff Deine Nachricht (optional)<\/p>\n","protected":false},"author":1,"featured_media":0,"parent":0,"menu_order":0,"comment_status":"closed","ping_status":"closed","template":"","meta":{"footnotes":""},"class_list":["post-256","page","type-page","status-publish","hentry"],"yoast_head":"<!-- This site is optimized with the Yoast SEO plugin v24.1 - https:\/\/yoast.com\/wordpress\/plugins\/seo\/ -->\n<title>Datenschutzerkl\u00e4rung - Hotel Eden Bolsena<\/title>\n<meta name=\"robots\" content=\"index, follow, max-snippet:-1, max-image-preview:large, max-video-preview:-1\" \/>\n<link rel=\"canonical\" href=\"https:\/\/www.hoteledenbolsena.it\/de\/datenschutzerklaerung\/\" \/>\n<meta property=\"og:locale\" content=\"de_DE\" \/>\n<meta property=\"og:type\" content=\"article\" \/>\n<meta property=\"og:title\" content=\"Datenschutzerkl\u00e4rung - Hotel Eden Bolsena\" \/>\n<meta property=\"og:description\" content=\"Dein Name Deine E-Mail-Adresse Betreff Deine Nachricht (optional)\" \/>\n<meta property=\"og:url\" content=\"https:\/\/www.hoteledenbolsena.it\/de\/datenschutzerklaerung\/\" \/>\n<meta property=\"og:site_name\" content=\"Hotel Eden Bolsena\" \/>\n<meta property=\"article:publisher\" content=\"https:\/\/www.facebook.com\/hoteledenbolsena\" \/>\n<meta property=\"article:modified_time\" content=\"2024-12-17T11:59:09+00:00\" \/>\n<meta name=\"twitter:card\" content=\"summary_large_image\" \/>\n<meta name=\"twitter:label1\" content=\"Gesch\u00e4tzte Lesezeit\" \/>\n\t<meta name=\"twitter:data1\" content=\"5\u00a0Minuten\" \/>\n<script type=\"application\/ld+json\" class=\"yoast-schema-graph\">{\"@context\":\"https:\/\/schema.org\",\"@graph\":[{\"@type\":\"WebPage\",\"@id\":\"https:\/\/www.hoteledenbolsena.it\/de\/datenschutzerklaerung\/\",\"url\":\"https:\/\/www.hoteledenbolsena.it\/de\/datenschutzerklaerung\/\",\"name\":\"Datenschutzerkl\u00e4rung - Hotel Eden Bolsena\",\"isPartOf\":{\"@id\":\"https:\/\/www.hoteledenbolsena.it\/de\/#website\"},\"datePublished\":\"2024-12-13T14:23:08+00:00\",\"dateModified\":\"2024-12-17T11:59:09+00:00\",\"breadcrumb\":{\"@id\":\"https:\/\/www.hoteledenbolsena.it\/de\/datenschutzerklaerung\/#breadcrumb\"},\"inLanguage\":\"de\",\"potentialAction\":[{\"@type\":\"ReadAction\",\"target\":[\"https:\/\/www.hoteledenbolsena.it\/de\/datenschutzerklaerung\/\"]}]},{\"@type\":\"BreadcrumbList\",\"@id\":\"https:\/\/www.hoteledenbolsena.it\/de\/datenschutzerklaerung\/#breadcrumb\",\"itemListElement\":[{\"@type\":\"ListItem\",\"position\":1,\"name\":\"Home\",\"item\":\"https:\/\/www.hoteledenbolsena.it\/de\/\"},{\"@type\":\"ListItem\",\"position\":2,\"name\":\"Datenschutzerkl\u00e4rung\"}]},{\"@type\":\"WebSite\",\"@id\":\"https:\/\/www.hoteledenbolsena.it\/de\/#website\",\"url\":\"https:\/\/www.hoteledenbolsena.it\/de\/\",\"name\":\"Hotel Eden Bolsena\",\"description\":\"\",\"publisher\":{\"@id\":\"https:\/\/www.hoteledenbolsena.it\/de\/#organization\"},\"potentialAction\":[{\"@type\":\"SearchAction\",\"target\":{\"@type\":\"EntryPoint\",\"urlTemplate\":\"https:\/\/www.hoteledenbolsena.it\/de\/?s={search_term_string}\"},\"query-input\":{\"@type\":\"PropertyValueSpecification\",\"valueRequired\":true,\"valueName\":\"search_term_string\"}}],\"inLanguage\":\"de\"},{\"@type\":\"Organization\",\"@id\":\"https:\/\/www.hoteledenbolsena.it\/de\/#organization\",\"name\":\"Hotel Eden Bolsena\",\"url\":\"https:\/\/www.hoteledenbolsena.it\/de\/\",\"logo\":{\"@type\":\"ImageObject\",\"inLanguage\":\"de\",\"@id\":\"https:\/\/www.hoteledenbolsena.it\/de\/#\/schema\/logo\/image\/\",\"url\":\"https:\/\/www.hoteledenbolsena.it\/wp-content\/uploads\/2024\/12\/logo.png\",\"contentUrl\":\"https:\/\/www.hoteledenbolsena.it\/wp-content\/uploads\/2024\/12\/logo.png\",\"width\":262,\"height\":121,\"caption\":\"Hotel Eden Bolsena\"},\"image\":{\"@id\":\"https:\/\/www.hoteledenbolsena.it\/de\/#\/schema\/logo\/image\/\"},\"sameAs\":[\"https:\/\/www.facebook.com\/hoteledenbolsena\",\"https:\/\/www.instagram.com\/hotel_eden_bolsena\/\"]}]}<\/script>\n<!-- \/ Yoast SEO plugin. -->","yoast_head_json":{"title":"Datenschutzerkl\u00e4rung - Hotel Eden Bolsena","robots":{"index":"index","follow":"follow","max-snippet":"max-snippet:-1","max-image-preview":"max-image-preview:large","max-video-preview":"max-video-preview:-1"},"canonical":"https:\/\/www.hoteledenbolsena.it\/de\/datenschutzerklaerung\/","og_locale":"de_DE","og_type":"article","og_title":"Datenschutzerkl\u00e4rung - Hotel Eden Bolsena","og_description":"Dein Name Deine E-Mail-Adresse Betreff Deine Nachricht (optional)","og_url":"https:\/\/www.hoteledenbolsena.it\/de\/datenschutzerklaerung\/","og_site_name":"Hotel Eden Bolsena","article_publisher":"https:\/\/www.facebook.com\/hoteledenbolsena","article_modified_time":"2024-12-17T11:59:09+00:00","twitter_card":"summary_large_image","twitter_misc":{"Gesch\u00e4tzte Lesezeit":"5\u00a0Minuten"},"schema":{"@context":"https:\/\/schema.org","@graph":[{"@type":"WebPage","@id":"https:\/\/www.hoteledenbolsena.it\/de\/datenschutzerklaerung\/","url":"https:\/\/www.hoteledenbolsena.it\/de\/datenschutzerklaerung\/","name":"Datenschutzerkl\u00e4rung - Hotel Eden Bolsena","isPartOf":{"@id":"https:\/\/www.hoteledenbolsena.it\/de\/#website"},"datePublished":"2024-12-13T14:23:08+00:00","dateModified":"2024-12-17T11:59:09+00:00","breadcrumb":{"@id":"https:\/\/www.hoteledenbolsena.it\/de\/datenschutzerklaerung\/#breadcrumb"},"inLanguage":"de","potentialAction":[{"@type":"ReadAction","target":["https:\/\/www.hoteledenbolsena.it\/de\/datenschutzerklaerung\/"]}]},{"@type":"BreadcrumbList","@id":"https:\/\/www.hoteledenbolsena.it\/de\/datenschutzerklaerung\/#breadcrumb","itemListElement":[{"@type":"ListItem","position":1,"name":"Home","item":"https:\/\/www.hoteledenbolsena.it\/de\/"},{"@type":"ListItem","position":2,"name":"Datenschutzerkl\u00e4rung"}]},{"@type":"WebSite","@id":"https:\/\/www.hoteledenbolsena.it\/de\/#website","url":"https:\/\/www.hoteledenbolsena.it\/de\/","name":"Hotel Eden Bolsena","description":"","publisher":{"@id":"https:\/\/www.hoteledenbolsena.it\/de\/#organization"},"potentialAction":[{"@type":"SearchAction","target":{"@type":"EntryPoint","urlTemplate":"https:\/\/www.hoteledenbolsena.it\/de\/?s={search_term_string}"},"query-input":{"@type":"PropertyValueSpecification","valueRequired":true,"valueName":"search_term_string"}}],"inLanguage":"de"},{"@type":"Organization","@id":"https:\/\/www.hoteledenbolsena.it\/de\/#organization","name":"Hotel Eden Bolsena","url":"https:\/\/www.hoteledenbolsena.it\/de\/","logo":{"@type":"ImageObject","inLanguage":"de","@id":"https:\/\/www.hoteledenbolsena.it\/de\/#\/schema\/logo\/image\/","url":"https:\/\/www.hoteledenbolsena.it\/wp-content\/uploads\/2024\/12\/logo.png","contentUrl":"https:\/\/www.hoteledenbolsena.it\/wp-content\/uploads\/2024\/12\/logo.png","width":262,"height":121,"caption":"Hotel Eden Bolsena"},"image":{"@id":"https:\/\/www.hoteledenbolsena.it\/de\/#\/schema\/logo\/image\/"},"sameAs":["https:\/\/www.facebook.com\/hoteledenbolsena","https:\/\/www.instagram.com\/hotel_eden_bolsena\/"]}]}},"_links":{"self":[{"href":"https:\/\/www.hoteledenbolsena.it\/de\/wp-json\/wp\/v2\/pages\/256","targetHints":{"allow":["GET"]}}],"collection":[{"href":"https:\/\/www.hoteledenbolsena.it\/de\/wp-json\/wp\/v2\/pages"}],"about":[{"href":"https:\/\/www.hoteledenbolsena.it\/de\/wp-json\/wp\/v2\/types\/page"}],"author":[{"embeddable":true,"href":"https:\/\/www.hoteledenbolsena.it\/de\/wp-json\/wp\/v2\/users\/1"}],"replies":[{"embeddable":true,"href":"https:\/\/www.hoteledenbolsena.it\/de\/wp-json\/wp\/v2\/comments?post=256"}],"version-history":[{"count":1,"href":"https:\/\/www.hoteledenbolsena.it\/de\/wp-json\/wp\/v2\/pages\/256\/revisions"}],"predecessor-version":[{"id":257,"href":"https:\/\/www.hoteledenbolsena.it\/de\/wp-json\/wp\/v2\/pages\/256\/revisions\/257"}],"wp:attachment":[{"href":"https:\/\/www.hoteledenbolsena.it\/de\/wp-json\/wp\/v2\/media?parent=256"}],"curies":[{"name":"wp","href":"https:\/\/api.w.org\/{rel}","templated":true}]}}